{"id":67713,"date":"2026-03-06T15:56:43","date_gmt":"2026-03-06T19:56:43","guid":{"rendered":"https:\/\/gandaradental.com\/?page_id=67713"},"modified":"2026-04-13T12:39:24","modified_gmt":"2026-04-13T17:39:24","slug":"insurance","status":"publish","type":"page","link":"https:\/\/gandaradental.com\/es\/insurance\/","title":{"rendered":"Seguro"},"content":{"rendered":"<h1>\n\t\t\tMaking Dental Care Accessible\n\t\t<\/h1>\n\t<nav id=\"breadcrumbs\" aria-label=\"Breadcrumbs\"><a href=\"https:\/\/gandaradental.com\/es\/\">Hogar<\/a> \u00bb Insurance<\/nav>\n\t\t<h2>\n\t\t\tAccessible and Affordable Dental Care\n\t\t<\/h2>\n\t\t\t<p>En <strong>Gandara Dental<\/strong>, nos comprometemos a brindar atenci\u00f3n dental de calidad, accesible y asequible para todos nuestros pacientes. Aceptamos con orgullo <strong>pagos privados<\/strong> y participamos con <strong>most major\u00a0dental insurance\u00a0plans<\/strong>, lo que garantiza flexibilidad para nuestros pacientes.<\/p>\t\t\n\t\t\t\t\t\t\t\t\t<img decoding=\"async\" src=\"https:\/\/gandaradental.com\/wp-content\/smush-webp\/2026\/03\/d5d1faa6-ed51-4f6d-977a-eb380efc422c.png.webp\" alt=\"Dental professional checking teeth health\" itemprop=\"image\" height=\"1340\" width=\"1720\" srcset=\"https:\/\/gandaradental.com\/wp-content\/smush-webp\/2026\/03\/d5d1faa6-ed51-4f6d-977a-eb380efc422c.png.webp 1720w, https:\/\/gandaradental.com\/wp-content\/smush-webp\/2026\/03\/d5d1faa6-ed51-4f6d-977a-eb380efc422c-300x234.png.webp 300w, https:\/\/gandaradental.com\/wp-content\/smush-webp\/2026\/03\/d5d1faa6-ed51-4f6d-977a-eb380efc422c-1024x798.png.webp 1024w, https:\/\/gandaradental.com\/wp-content\/smush-webp\/2026\/03\/d5d1faa6-ed51-4f6d-977a-eb380efc422c-768x598.png.webp 768w, https:\/\/gandaradental.com\/wp-content\/smush-webp\/2026\/03\/d5d1faa6-ed51-4f6d-977a-eb380efc422c-1536x1197.png.webp 1536w\" sizes=\"(max-width: 1720px) 100vw, 1720px\" title=\"Dental professional checking teeth health\" onerror=\"this.style.display='none'\" class=\"no-lazyload\" \/>\n\t\t<h2>\n\t\t\tPlanes de seguro que aceptamos\n\t\t<\/h2>\n\t\t\t<p>Gandara Dental colabora con diversas aseguradoras para facilitar el acceso a la atenci\u00f3n dental a nuestros pacientes. Si tiene alguna pregunta sobre su plan espec\u00edfico, nuestro equipo puede ayudarle a verificar su cobertura.<\/p>\t\t\n\t\t<h3>\n\t\t\tHMO Plans\n\t\t<\/h3>\n\t\t\t<p>We accept HMO plans including:<\/p>\t\t\n\t<ul id=\"list\">\n<li>MedicAid with MediCare<\/li>\n<li>Humana<\/li>\n<li>Cigna<\/li>\n<li>Solstice<\/li>\n<li data-pm-slice=\"1 1 []\">Aetna<\/li>\n<li>Liberty<\/li>\n<li data-pm-slice=\"1 1 []\">Solis DentaQuest<\/li>\n<\/ul>\n\t\t<h3>\n\t\t\tPPO Plans\n\t\t<\/h3>\n\t\t\t<p>We accept PPO plans including:<\/p>\t\t\n\t<ul id=\"list\">\n<li>Metlife<\/li>\n<li>Ameritas<\/li>\n<li>DeltaDental<\/li>\n<li>FloridaBlue<\/li>\n<li>Florida Dental Benefits<\/li>\n<li>United Concordia<\/li>\n<li>United Health Care<\/li>\n<li>Careington<\/li>\n<\/ul>\n\t<p>Si no encuentra a su proveedor en la lista, comun\u00edquese con nuestra oficina y nuestro equipo estar\u00e1 encantado de ayudarle a revisar su cobertura.<\/p>\n\t\t<h2>\n\t\t\tAyuda financiera\n\t\t<\/h2>\n\t\t\t<p>To help make dental care more manageable, we offer financing options through trusted providers. These options allow eligible patients to spread the cost of treatment over time.Available financial aid options include:<\/p>\t\t\n\t<ul id=\"list\">\n<li>CareCredit<\/li>\n<li>Alphaeon Credit<\/li>\n<li>Cherry<\/li>\n<li>Sunbit<\/li>\n<li>Lending Club<\/li>\n<\/ul>\n<p>Nuestro equipo puede ayudarle a explorar estas opciones y determinar qu\u00e9 soluci\u00f3n de financiaci\u00f3n se adapta mejor a sus necesidades.<\/p>\n\t\t\t\t\t\t\t\t\t<img decoding=\"async\" src=\"https:\/\/gandaradental.com\/wp-content\/smush-webp\/2026\/03\/benefit-4-v1_feature_image.png.webp\" alt=\"Dentist explaining treatment plan\" itemprop=\"image\" height=\"1300\" width=\"1720\" srcset=\"https:\/\/gandaradental.com\/wp-content\/smush-webp\/2026\/03\/benefit-4-v1_feature_image.png.webp 1720w, https:\/\/gandaradental.com\/wp-content\/smush-webp\/2026\/03\/benefit-4-v1_feature_image-300x227.png.webp 300w, https:\/\/gandaradental.com\/wp-content\/smush-webp\/2026\/03\/benefit-4-v1_feature_image-1024x774.png.webp 1024w, https:\/\/gandaradental.com\/wp-content\/smush-webp\/2026\/03\/benefit-4-v1_feature_image-768x580.png.webp 768w, https:\/\/gandaradental.com\/wp-content\/smush-webp\/2026\/03\/benefit-4-v1_feature_image-1536x1161.png.webp 1536w\" sizes=\"(max-width: 1720px) 100vw, 1720px\" title=\"Dentist explaining treatment plan\" onerror=\"this.style.display='none'\" class=\"no-lazyload\" \/>\n\t\t<h2>\n\t\t\tAssistance With Your Benefits\n\t\t<\/h2>\n\t\t\t<p>Nuestro equipo experto estar\u00e1 encantado de ayudarle con:<\/p>\t\t\n\t<ul>\n\t\t<li>\t\t\t\t\n\t\tVerificaci\u00f3n de sus beneficios de seguro<\/li><li>\t\t\t\t\n\t\tPresentar reclamaciones en su nombre<\/li><li>\t\t\t\t\n\t\tLe ayudamos a comprender su cobertura.<\/li>\t<\/ul>\n\t<p>Esto garantiza que su experiencia de atenci\u00f3n dental sea fluida y sin estr\u00e9s.<\/p>\n\t\t<h2>\n\t\t\tPonte en contacto con nuestro equipo.\n\t\t<\/h2>\n\t\t\t<p>Si tiene alguna pregunta sobre su cobertura o necesita ayuda para planificar su tratamiento, nuestro equipo est\u00e1 listo para ayudarle.<\/p>\t\t\n\t\t\t<a href=\"\/es\/contact-us\/\"  target=\"_self\">\n\t\t\t\t\t\t\tCont\u00e1ctenos para obtener ayuda.\n\t\t\t\t\t<\/a>","protected":false},"excerpt":{"rendered":"<p>Making Dental Care Accessible Home \u00bb Insurance Accessible and Affordable Dental Care At Gandara Dental, we are committed to making quality dental care accessible and affordable for all patients. We proudly accept private pay and participate with most major\u00a0dental insurance\u00a0plans, ensuring flexibility for our patients. Insurance Plans We Accept Gandara Dental works with a variety&hellip;<\/p>","protected":false},"author":1,"featured_media":67684,"parent":0,"menu_order":0,"comment_status":"closed","ping_status":"closed","template":"","meta":{"footnotes":""},"class_list":["post-67713","page","type-page","status-publish","has-post-thumbnail","hentry"],"yoast_head":"<!-- This site is optimized with the Yoast SEO plugin v27.4 - https:\/\/yoast.com\/product\/yoast-seo-wordpress\/ -->\n<title>Insurance | Insurance Friendly Dentistry at Gandara Dental<\/title>\n<meta name=\"description\" content=\"Gandara Dental offers insurance-friendly dentistry. We verify benefits and file claims for you. Call us today.\" \/>\n<meta name=\"robots\" content=\"index, follow, max-snippet:-1, max-image-preview:large, max-video-preview:-1\" \/>\n<link rel=\"canonical\" href=\"https:\/\/gandaradental.com\/es\/wp-json\/wp\/v2\/pages\/67713\" \/>\n<meta property=\"og:locale\" content=\"es_ES\" \/>\n<meta property=\"og:type\" content=\"article\" \/>\n<meta property=\"og:title\" content=\"Insurance | Insurance Friendly Dentistry at Gandara Dental\" \/>\n<meta property=\"og:description\" content=\"Gandara Dental offers insurance-friendly dentistry. We verify benefits and file claims for you. Call us today.\" \/>\n<meta property=\"og:url\" content=\"https:\/\/gandaradental.com\/es\/insurance\/\" \/>\n<meta property=\"og:site_name\" content=\"Gandara Dental\" \/>\n<meta property=\"article:modified_time\" content=\"2026-04-13T17:39:24+00:00\" \/>\n<meta property=\"og:image\" content=\"https:\/\/gandaradental.com\/wp-content\/uploads\/2026\/03\/highlight-11-v3_highlight-11-v3_image.webp\" \/>\n<meta name=\"twitter:card\" content=\"summary_large_image\" \/>\n<meta name=\"twitter:title\" content=\"Insurance | Insurance Friendly Dentistry at Gandara Dental\" \/>\n<meta name=\"twitter:description\" content=\"Gandara Dental offers insurance-friendly dentistry. We verify benefits and file claims for you. Call us today.\" \/>\n<meta name=\"twitter:image\" content=\"https:\/\/gandaradental.com\/wp-content\/uploads\/2026\/03\/highlight-11-v3_highlight-11-v3_image.webp\" \/>\n<meta name=\"twitter:label1\" content=\"Tiempo de lectura\" \/>\n\t<meta name=\"twitter:data1\" content=\"1 minuto\" \/>\n<script type=\"application\/ld+json\" class=\"yoast-schema-graph\">{\"@context\":\"https:\\\/\\\/schema.org\",\"@graph\":[{\"@type\":\"WebPage\",\"@id\":\"https:\\\/\\\/gandaradental.com\\\/insurance\\\/\",\"url\":\"https:\\\/\\\/gandaradental.com\\\/insurance\\\/\",\"name\":\"Insurance | Insurance Friendly Dentistry at Gandara Dental\",\"isPartOf\":{\"@id\":\"https:\\\/\\\/gandaradental.com\\\/#website\"},\"primaryImageOfPage\":{\"@id\":\"https:\\\/\\\/gandaradental.com\\\/insurance\\\/#primaryimage\"},\"image\":{\"@id\":\"https:\\\/\\\/gandaradental.com\\\/insurance\\\/#primaryimage\"},\"thumbnailUrl\":\"https:\\\/\\\/gandaradental.com\\\/wp-content\\\/uploads\\\/2026\\\/03\\\/highlight-11-v3_highlight-11-v3_image.webp\",\"datePublished\":\"2026-03-06T19:56:43+00:00\",\"dateModified\":\"2026-04-13T17:39:24+00:00\",\"description\":\"Gandara Dental offers insurance-friendly dentistry. We verify benefits and file claims for you. Call us today.\",\"breadcrumb\":{\"@id\":\"https:\\\/\\\/gandaradental.com\\\/insurance\\\/#breadcrumb\"},\"inLanguage\":\"es\",\"potentialAction\":[{\"@type\":\"ReadAction\",\"target\":[\"https:\\\/\\\/gandaradental.com\\\/insurance\\\/\"]}]},{\"@type\":\"ImageObject\",\"inLanguage\":\"es\",\"@id\":\"https:\\\/\\\/gandaradental.com\\\/insurance\\\/#primaryimage\",\"url\":\"https:\\\/\\\/gandaradental.com\\\/wp-content\\\/uploads\\\/2026\\\/03\\\/highlight-11-v3_highlight-11-v3_image.webp\",\"contentUrl\":\"https:\\\/\\\/gandaradental.com\\\/wp-content\\\/uploads\\\/2026\\\/03\\\/highlight-11-v3_highlight-11-v3_image.webp\",\"width\":1920,\"height\":1600,\"caption\":\"Girl with braces in dental chair\"},{\"@type\":\"BreadcrumbList\",\"@id\":\"https:\\\/\\\/gandaradental.com\\\/insurance\\\/#breadcrumb\",\"itemListElement\":[{\"@type\":\"ListItem\",\"position\":1,\"name\":\"Home\",\"item\":\"https:\\\/\\\/gandaradental.com\\\/\"},{\"@type\":\"ListItem\",\"position\":2,\"name\":\"Insurance\"}]},{\"@type\":\"WebSite\",\"@id\":\"https:\\\/\\\/gandaradental.com\\\/#website\",\"url\":\"https:\\\/\\\/gandaradental.com\\\/\",\"name\":\"Gandara Dental\",\"description\":\"\",\"potentialAction\":[{\"@type\":\"SearchAction\",\"target\":{\"@type\":\"EntryPoint\",\"urlTemplate\":\"https:\\\/\\\/gandaradental.com\\\/?s={search_term_string}\"},\"query-input\":{\"@type\":\"PropertyValueSpecification\",\"valueRequired\":true,\"valueName\":\"search_term_string\"}}],\"inLanguage\":\"es\"}]}<\/script>\n<!-- \/ Yoast SEO plugin. -->","yoast_head_json":{"title":"Insurance | Insurance Friendly Dentistry at Gandara Dental","description":"Gandara Dental offers insurance-friendly dentistry. We verify benefits and file claims for you. Call us today.","robots":{"index":"index","follow":"follow","max-snippet":"max-snippet:-1","max-image-preview":"max-image-preview:large","max-video-preview":"max-video-preview:-1"},"canonical":"https:\/\/gandaradental.com\/es\/wp-json\/wp\/v2\/pages\/67713","og_locale":"es_ES","og_type":"article","og_title":"Insurance | Insurance Friendly Dentistry at Gandara Dental","og_description":"Gandara Dental offers insurance-friendly dentistry. We verify benefits and file claims for you. Call us today.","og_url":"https:\/\/gandaradental.com\/es\/insurance\/","og_site_name":"Gandara Dental","article_modified_time":"2026-04-13T17:39:24+00:00","og_image":[{"url":"https:\/\/gandaradental.com\/wp-content\/uploads\/2026\/03\/highlight-11-v3_highlight-11-v3_image.webp","type":"","width":"","height":""}],"twitter_card":"summary_large_image","twitter_title":"Insurance | Insurance Friendly Dentistry at Gandara Dental","twitter_description":"Gandara Dental offers insurance-friendly dentistry. We verify benefits and file claims for you. Call us today.","twitter_image":"https:\/\/gandaradental.com\/wp-content\/uploads\/2026\/03\/highlight-11-v3_highlight-11-v3_image.webp","twitter_misc":{"Tiempo de lectura":"1 minuto"},"schema":{"@context":"https:\/\/schema.org","@graph":[{"@type":"WebPage","@id":"https:\/\/gandaradental.com\/insurance\/","url":"https:\/\/gandaradental.com\/insurance\/","name":"Insurance | Insurance Friendly Dentistry at Gandara Dental","isPartOf":{"@id":"https:\/\/gandaradental.com\/#website"},"primaryImageOfPage":{"@id":"https:\/\/gandaradental.com\/insurance\/#primaryimage"},"image":{"@id":"https:\/\/gandaradental.com\/insurance\/#primaryimage"},"thumbnailUrl":"https:\/\/gandaradental.com\/wp-content\/uploads\/2026\/03\/highlight-11-v3_highlight-11-v3_image.webp","datePublished":"2026-03-06T19:56:43+00:00","dateModified":"2026-04-13T17:39:24+00:00","description":"Gandara Dental offers insurance-friendly dentistry. We verify benefits and file claims for you. Call us today.","breadcrumb":{"@id":"https:\/\/gandaradental.com\/insurance\/#breadcrumb"},"inLanguage":"es","potentialAction":[{"@type":"ReadAction","target":["https:\/\/gandaradental.com\/insurance\/"]}]},{"@type":"ImageObject","inLanguage":"es","@id":"https:\/\/gandaradental.com\/insurance\/#primaryimage","url":"https:\/\/gandaradental.com\/wp-content\/uploads\/2026\/03\/highlight-11-v3_highlight-11-v3_image.webp","contentUrl":"https:\/\/gandaradental.com\/wp-content\/uploads\/2026\/03\/highlight-11-v3_highlight-11-v3_image.webp","width":1920,"height":1600,"caption":"Girl with braces in dental chair"},{"@type":"BreadcrumbList","@id":"https:\/\/gandaradental.com\/insurance\/#breadcrumb","itemListElement":[{"@type":"ListItem","position":1,"name":"Home","item":"https:\/\/gandaradental.com\/"},{"@type":"ListItem","position":2,"name":"Insurance"}]},{"@type":"WebSite","@id":"https:\/\/gandaradental.com\/#website","url":"https:\/\/gandaradental.com\/","name":"Gandara Dental","description":"","potentialAction":[{"@type":"SearchAction","target":{"@type":"EntryPoint","urlTemplate":"https:\/\/gandaradental.com\/?s={search_term_string}"},"query-input":{"@type":"PropertyValueSpecification","valueRequired":true,"valueName":"search_term_string"}}],"inLanguage":"es"}]}},"_links":{"self":[{"href":"https:\/\/gandaradental.com\/es\/wp-json\/wp\/v2\/pages\/67713","targetHints":{"allow":["GET"]}}],"collection":[{"href":"https:\/\/gandaradental.com\/es\/wp-json\/wp\/v2\/pages"}],"about":[{"href":"https:\/\/gandaradental.com\/es\/wp-json\/wp\/v2\/types\/page"}],"author":[{"embeddable":true,"href":"https:\/\/gandaradental.com\/es\/wp-json\/wp\/v2\/users\/1"}],"replies":[{"embeddable":true,"href":"https:\/\/gandaradental.com\/es\/wp-json\/wp\/v2\/comments?post=67713"}],"version-history":[{"count":11,"href":"https:\/\/gandaradental.com\/es\/wp-json\/wp\/v2\/pages\/67713\/revisions"}],"predecessor-version":[{"id":78671,"href":"https:\/\/gandaradental.com\/es\/wp-json\/wp\/v2\/pages\/67713\/revisions\/78671"}],"wp:featuredmedia":[{"embeddable":true,"href":"https:\/\/gandaradental.com\/es\/wp-json\/wp\/v2\/media\/67684"}],"wp:attachment":[{"href":"https:\/\/gandaradental.com\/es\/wp-json\/wp\/v2\/media?parent=67713"}],"curies":[{"name":"wp","href":"https:\/\/api.w.org\/{rel}","templated":true}]}}