{"id":67643,"date":"2026-03-06T14:19:09","date_gmt":"2026-03-06T18:19:09","guid":{"rendered":"https:\/\/gandaradental.com\/about\/"},"modified":"2026-04-06T14:29:32","modified_gmt":"2026-04-06T19:29:32","slug":"about","status":"publish","type":"page","link":"https:\/\/gandaradental.com\/es\/about\/","title":{"rendered":"Acerca de"},"content":{"rendered":"<h1>\n\t\t\tAtenci\u00f3n que prioriza al paciente\n\t\t<\/h1>\n\t<nav id=\"breadcrumbs\" aria-label=\"Breadcrumbs\"><a href=\"https:\/\/gandaradental.com\/es\/\">Hogar<\/a> \u00bb About<\/nav>\n\t\t<h2>\n\t\t\tAtenci\u00f3n excepcional para pacientes de todas las edades.\n\t\t<\/h2>\n\t\t\t<p>En Gandara Dental, brindamos atenci\u00f3n dental que combina la excelencia t\u00e9cnica con la comodidad del paciente. Cada tratamiento se rige por nuestros valores fundamentales: confianza, compasi\u00f3n y profesionalismo.<\/p>\t\t\n\t\t\t<a href=\"\/es\/services\/\"  target=\"_self\">\n\t\t\t\t\t\t\tDescubra nuestros servicios\n\t\t\t\t\t<\/a>\n\t\t\t\t\t\t\t\t\t<img decoding=\"async\" src=\"https:\/\/gandaradental.com\/wp-content\/uploads\/2026\/03\/highlight-13_highlight-13_image-1.webp\" alt=\"Man receiving dental checkup with braces\" itemprop=\"image\" height=\"1340\" width=\"1720\" srcset=\"https:\/\/gandaradental.com\/wp-content\/uploads\/2026\/03\/highlight-13_highlight-13_image-1.webp 1720w, https:\/\/gandaradental.com\/wp-content\/uploads\/2026\/03\/highlight-13_highlight-13_image-1-300x234.webp 300w, https:\/\/gandaradental.com\/wp-content\/uploads\/2026\/03\/highlight-13_highlight-13_image-1-1024x798.webp 1024w, https:\/\/gandaradental.com\/wp-content\/uploads\/2026\/03\/highlight-13_highlight-13_image-1-768x598.webp 768w, https:\/\/gandaradental.com\/wp-content\/uploads\/2026\/03\/highlight-13_highlight-13_image-1-1536x1197.webp 1536w\" sizes=\"(max-width: 1720px) 100vw, 1720px\" title=\"Man receiving dental checkup with braces\" onerror=\"this.style.display='none'\" class=\"no-lazyload\" \/>\n\t\t\t\t\t\t\t\t\t<img decoding=\"async\" src=\"https:\/\/gandaradental.com\/wp-content\/uploads\/2026\/03\/benefit-4-v1_benefit-4-v1_feature_image-1.webp\" alt=\"Dentist with happy family giving thumbs up\" itemprop=\"image\" height=\"1300\" width=\"1720\" srcset=\"https:\/\/gandaradental.com\/wp-content\/uploads\/2026\/03\/benefit-4-v1_benefit-4-v1_feature_image-1.webp 1720w, https:\/\/gandaradental.com\/wp-content\/uploads\/2026\/03\/benefit-4-v1_benefit-4-v1_feature_image-1-300x227.webp 300w, https:\/\/gandaradental.com\/wp-content\/uploads\/2026\/03\/benefit-4-v1_benefit-4-v1_feature_image-1-1024x774.webp 1024w, https:\/\/gandaradental.com\/wp-content\/uploads\/2026\/03\/benefit-4-v1_benefit-4-v1_feature_image-1-768x580.webp 768w, https:\/\/gandaradental.com\/wp-content\/uploads\/2026\/03\/benefit-4-v1_benefit-4-v1_feature_image-1-1536x1161.webp 1536w\" sizes=\"(max-width: 1720px) 100vw, 1720px\" title=\"Dentist with happy family giving thumbs up\" onerror=\"this.style.display='none'\" class=\"no-lazyload\" \/>\n\t\t<h2>\n\t\t\tOur Commitment to Excellence\n\t\t<\/h2>\n\t\t\t<p>Con m\u00e1s de 25 a\u00f1os de experiencia y confianza, brindamos atenci\u00f3n dental a pacientes de todas las edades, tratando a cada uno como si fuera de la familia.<\/p>\t\t\n\t<ul>\n\t\t<li>\t\t\t\t\n\t\t<p>Formaci\u00f3n continua para todos los miembros del equipo.<\/p><\/li><li>\t\t\t\t\n\t\t<p>Integraci\u00f3n de las \u00faltimas t\u00e9cnicas y equipos dentales.<\/p><\/li><li>\t\t\t\t\n\t\tConc\u00e9ntrarse tanto en la experiencia del paciente como en la precisi\u00f3n t\u00e9cnica.<\/li><li>\t\t\t\t\n\t\t<p>Evitar la autocomplacencia esforz\u00e1ndose por la mejora continua.<\/p><\/li>\t<\/ul>\n\t\t\t<a href=\"\/es\/insurance\/\"  target=\"_self\">\n\t\t\t\t\t\t\tVer opciones de seguro\n\t\t\t\t\t<\/a>\n\t\t<h2>\n\t\t\tConozca a su dentista\n\t\t<\/h2>\n\t\t\tLa Dra. Mar\u00eda T. G\u00e1ndara es odont\u00f3loga general con m\u00e1s de 25 a\u00f1os de experiencia en el campo de la odontolog\u00eda, reconocida por su enfoque centrado en el paciente y su compromiso con la atenci\u00f3n al paciente.. Posee el t\u00edtulo de Doctora en Cirug\u00eda Dental (DDS) y es la propietaria de Gandara Dental.<p>Dr. G\u00e1ndara graduated in 1996 from the University of Medical Sciences Santiago de Cuba and has practiced dentistry internationally, including in Cuba and Ecuador. In 2019, she revalidated her dental degree in the United States at the University of Miami, further strengthening her clinical skills under U.S. standards.Throughout her career, Dr. G\u00e1ndara has pursued continuing education and has obtained certifications in cosmetic dentistry,implant dentistry, and oral rehabilitation. She combines advanced clinical expertise with a compassionate approach, always aiming to deliver functional and aesthetic results.Currently, she leads her practice in Miami, where she provides general, cosmetic, and restorative dental services for patients of all ages. She is recognized for her dedication to quality, innovation, and personalized patient care.<\/p>\t\t\n\t\t\t\t\t\t\t\t\t<img decoding=\"async\" src=\"https:\/\/gandaradental.com\/wp-content\/smush-webp\/2026\/04\/1-91468085-9d47-47d3-89da-b50ffe651bfd-scaled.jpg.webp\" alt=\"1 (91468085-9d47-47d3-89da-b50ffe651bfd)\" itemprop=\"image\" height=\"2160\" width=\"1440\" srcset=\"https:\/\/gandaradental.com\/wp-content\/smush-webp\/2026\/04\/1-91468085-9d47-47d3-89da-b50ffe651bfd-scaled.jpg.webp 1440w, https:\/\/gandaradental.com\/wp-content\/smush-webp\/2026\/04\/1-91468085-9d47-47d3-89da-b50ffe651bfd-200x300.jpg.webp 200w, https:\/\/gandaradental.com\/wp-content\/smush-webp\/2026\/04\/1-91468085-9d47-47d3-89da-b50ffe651bfd-683x1024.jpg.webp 683w, https:\/\/gandaradental.com\/wp-content\/smush-webp\/2026\/04\/1-91468085-9d47-47d3-89da-b50ffe651bfd-768x1152.jpg.webp 768w, https:\/\/gandaradental.com\/wp-content\/smush-webp\/2026\/04\/1-91468085-9d47-47d3-89da-b50ffe651bfd-1024x1536.jpg.webp 1024w, https:\/\/gandaradental.com\/wp-content\/smush-webp\/2026\/04\/1-91468085-9d47-47d3-89da-b50ffe651bfd-1365x2048.jpg.webp 1365w\" sizes=\"(max-width: 1440px) 100vw, 1440px\" title=\"1 (91468085-9d47-47d3-89da-b50ffe651bfd)\" onerror=\"this.style.display='none'\" class=\"no-lazyload\" \/>\n\t\t<h2>\n\t\t\tCon\u00e9ctate con nosotros\n\t\t<\/h2>\n\t\t\t<p>Disfrute de una atenci\u00f3n dental que combina experiencia, empat\u00eda y t\u00e9cnicas modernas. Cont\u00e1ctenos para programar su cita o para cualquier consulta.<\/p>\t\t\n\t\t\t<a href=\"\/es\/contact-us\/\"  target=\"_self\">\n\t\t\t\t\t\t\tReserva una cita\n\t\t\t\t\t<\/a>","protected":false},"excerpt":{"rendered":"<p>Care That Puts Patients First Home \u00bb About Exceptional Care for Patients\u2028of All Ages At Gandara Dental, we provide dental care that balances technical excellence with patient comfort. Every treatment is guided by our core values: trust, compassion, and professionalism. Explore Our Services Our Commitment to Excellence With over 25 years of trusted experience, we&hellip;<\/p>","protected":false},"author":1,"featured_media":67685,"parent":0,"menu_order":0,"comment_status":"closed","ping_status":"closed","template":"","meta":{"footnotes":""},"class_list":["post-67643","page","type-page","status-publish","has-post-thumbnail","hentry"],"yoast_head":"<!-- This site is optimized with the Yoast SEO plugin v27.4 - https:\/\/yoast.com\/product\/yoast-seo-wordpress\/ -->\n<title>About | Experienced Dentist at Gandara Dental<\/title>\n<meta name=\"description\" content=\"Our experienced dentist at Gandara Dental provides 25 years of trusted care and ethical treatment for families. Call us today.\" \/>\n<meta name=\"robots\" content=\"index, follow, max-snippet:-1, max-image-preview:large, max-video-preview:-1\" \/>\n<link rel=\"canonical\" href=\"https:\/\/gandaradental.com\/es\/wp-json\/wp\/v2\/pages\/67643\" \/>\n<meta property=\"og:locale\" content=\"es_ES\" \/>\n<meta property=\"og:type\" content=\"article\" \/>\n<meta property=\"og:title\" content=\"About | Experienced Dentist at Gandara Dental\" \/>\n<meta property=\"og:description\" content=\"Our experienced dentist at Gandara Dental provides 25 years of trusted care and ethical treatment for families. Call us today.\" \/>\n<meta property=\"og:url\" content=\"https:\/\/gandaradental.com\/es\/about\/\" \/>\n<meta property=\"og:site_name\" content=\"Gandara Dental\" \/>\n<meta property=\"article:modified_time\" content=\"2026-04-06T19:29:32+00:00\" \/>\n<meta property=\"og:image\" content=\"https:\/\/gandaradental.com\/wp-content\/uploads\/2026\/03\/highlight-14-v2_highlight-14-v2_image-1.webp\" \/>\n<meta name=\"twitter:card\" content=\"summary_large_image\" \/>\n<meta name=\"twitter:title\" content=\"About | Experienced Dentist at Gandara Dental\" \/>\n<meta name=\"twitter:description\" content=\"Our experienced dentist at Gandara Dental provides 25 years of trusted care and ethical treatment for families. Call us today.\" \/>\n<meta name=\"twitter:image\" content=\"https:\/\/gandaradental.com\/wp-content\/uploads\/2026\/03\/highlight-14-v2_highlight-14-v2_image-1.webp\" \/>\n<meta name=\"twitter:label1\" content=\"Tiempo de lectura\" \/>\n\t<meta name=\"twitter:data1\" content=\"3 minutos\" \/>\n<script type=\"application\/ld+json\" class=\"yoast-schema-graph\">{\"@context\":\"https:\\\/\\\/schema.org\",\"@graph\":[{\"@type\":\"WebPage\",\"@id\":\"https:\\\/\\\/gandaradental.com\\\/about\\\/\",\"url\":\"https:\\\/\\\/gandaradental.com\\\/about\\\/\",\"name\":\"About | Experienced Dentist at Gandara Dental\",\"isPartOf\":{\"@id\":\"https:\\\/\\\/gandaradental.com\\\/#website\"},\"primaryImageOfPage\":{\"@id\":\"https:\\\/\\\/gandaradental.com\\\/about\\\/#primaryimage\"},\"image\":{\"@id\":\"https:\\\/\\\/gandaradental.com\\\/about\\\/#primaryimage\"},\"thumbnailUrl\":\"https:\\\/\\\/gandaradental.com\\\/wp-content\\\/uploads\\\/2026\\\/03\\\/highlight-14-v2_highlight-14-v2_image-1.webp\",\"datePublished\":\"2026-03-06T18:19:09+00:00\",\"dateModified\":\"2026-04-06T19:29:32+00:00\",\"description\":\"Our experienced dentist at Gandara Dental provides 25 years of trusted care and ethical treatment for families. Call us today.\",\"breadcrumb\":{\"@id\":\"https:\\\/\\\/gandaradental.com\\\/about\\\/#breadcrumb\"},\"inLanguage\":\"es\",\"potentialAction\":[{\"@type\":\"ReadAction\",\"target\":[\"https:\\\/\\\/gandaradental.com\\\/about\\\/\"]}]},{\"@type\":\"ImageObject\",\"inLanguage\":\"es\",\"@id\":\"https:\\\/\\\/gandaradental.com\\\/about\\\/#primaryimage\",\"url\":\"https:\\\/\\\/gandaradental.com\\\/wp-content\\\/uploads\\\/2026\\\/03\\\/highlight-14-v2_highlight-14-v2_image-1.webp\",\"contentUrl\":\"https:\\\/\\\/gandaradental.com\\\/wp-content\\\/uploads\\\/2026\\\/03\\\/highlight-14-v2_highlight-14-v2_image-1.webp\",\"width\":1720,\"height\":1300,\"caption\":\"Woman with braces at dental checkup\"},{\"@type\":\"BreadcrumbList\",\"@id\":\"https:\\\/\\\/gandaradental.com\\\/about\\\/#breadcrumb\",\"itemListElement\":[{\"@type\":\"ListItem\",\"position\":1,\"name\":\"Home\",\"item\":\"https:\\\/\\\/gandaradental.com\\\/\"},{\"@type\":\"ListItem\",\"position\":2,\"name\":\"About\"}]},{\"@type\":\"WebSite\",\"@id\":\"https:\\\/\\\/gandaradental.com\\\/#website\",\"url\":\"https:\\\/\\\/gandaradental.com\\\/\",\"name\":\"Gandara Dental\",\"description\":\"\",\"potentialAction\":[{\"@type\":\"SearchAction\",\"target\":{\"@type\":\"EntryPoint\",\"urlTemplate\":\"https:\\\/\\\/gandaradental.com\\\/?s={search_term_string}\"},\"query-input\":{\"@type\":\"PropertyValueSpecification\",\"valueRequired\":true,\"valueName\":\"search_term_string\"}}],\"inLanguage\":\"es\"}]}<\/script>\n<!-- \/ Yoast SEO plugin. -->","yoast_head_json":{"title":"About | Experienced Dentist at Gandara Dental","description":"Our experienced dentist at Gandara Dental provides 25 years of trusted care and ethical treatment for families. Call us today.","robots":{"index":"index","follow":"follow","max-snippet":"max-snippet:-1","max-image-preview":"max-image-preview:large","max-video-preview":"max-video-preview:-1"},"canonical":"https:\/\/gandaradental.com\/es\/wp-json\/wp\/v2\/pages\/67643","og_locale":"es_ES","og_type":"article","og_title":"About | Experienced Dentist at Gandara Dental","og_description":"Our experienced dentist at Gandara Dental provides 25 years of trusted care and ethical treatment for families. Call us today.","og_url":"https:\/\/gandaradental.com\/es\/about\/","og_site_name":"Gandara Dental","article_modified_time":"2026-04-06T19:29:32+00:00","og_image":[{"url":"https:\/\/gandaradental.com\/wp-content\/uploads\/2026\/03\/highlight-14-v2_highlight-14-v2_image-1.webp","type":"","width":"","height":""}],"twitter_card":"summary_large_image","twitter_title":"About | Experienced Dentist at Gandara Dental","twitter_description":"Our experienced dentist at Gandara Dental provides 25 years of trusted care and ethical treatment for families. Call us today.","twitter_image":"https:\/\/gandaradental.com\/wp-content\/uploads\/2026\/03\/highlight-14-v2_highlight-14-v2_image-1.webp","twitter_misc":{"Tiempo de lectura":"3 minutos"},"schema":{"@context":"https:\/\/schema.org","@graph":[{"@type":"WebPage","@id":"https:\/\/gandaradental.com\/about\/","url":"https:\/\/gandaradental.com\/about\/","name":"About | Experienced Dentist at Gandara Dental","isPartOf":{"@id":"https:\/\/gandaradental.com\/#website"},"primaryImageOfPage":{"@id":"https:\/\/gandaradental.com\/about\/#primaryimage"},"image":{"@id":"https:\/\/gandaradental.com\/about\/#primaryimage"},"thumbnailUrl":"https:\/\/gandaradental.com\/wp-content\/uploads\/2026\/03\/highlight-14-v2_highlight-14-v2_image-1.webp","datePublished":"2026-03-06T18:19:09+00:00","dateModified":"2026-04-06T19:29:32+00:00","description":"Our experienced dentist at Gandara Dental provides 25 years of trusted care and ethical treatment for families. Call us today.","breadcrumb":{"@id":"https:\/\/gandaradental.com\/about\/#breadcrumb"},"inLanguage":"es","potentialAction":[{"@type":"ReadAction","target":["https:\/\/gandaradental.com\/about\/"]}]},{"@type":"ImageObject","inLanguage":"es","@id":"https:\/\/gandaradental.com\/about\/#primaryimage","url":"https:\/\/gandaradental.com\/wp-content\/uploads\/2026\/03\/highlight-14-v2_highlight-14-v2_image-1.webp","contentUrl":"https:\/\/gandaradental.com\/wp-content\/uploads\/2026\/03\/highlight-14-v2_highlight-14-v2_image-1.webp","width":1720,"height":1300,"caption":"Woman with braces at dental checkup"},{"@type":"BreadcrumbList","@id":"https:\/\/gandaradental.com\/about\/#breadcrumb","itemListElement":[{"@type":"ListItem","position":1,"name":"Home","item":"https:\/\/gandaradental.com\/"},{"@type":"ListItem","position":2,"name":"About"}]},{"@type":"WebSite","@id":"https:\/\/gandaradental.com\/#website","url":"https:\/\/gandaradental.com\/","name":"Gandara Dental","description":"","potentialAction":[{"@type":"SearchAction","target":{"@type":"EntryPoint","urlTemplate":"https:\/\/gandaradental.com\/?s={search_term_string}"},"query-input":{"@type":"PropertyValueSpecification","valueRequired":true,"valueName":"search_term_string"}}],"inLanguage":"es"}]}},"_links":{"self":[{"href":"https:\/\/gandaradental.com\/es\/wp-json\/wp\/v2\/pages\/67643","targetHints":{"allow":["GET"]}}],"collection":[{"href":"https:\/\/gandaradental.com\/es\/wp-json\/wp\/v2\/pages"}],"about":[{"href":"https:\/\/gandaradental.com\/es\/wp-json\/wp\/v2\/types\/page"}],"author":[{"embeddable":true,"href":"https:\/\/gandaradental.com\/es\/wp-json\/wp\/v2\/users\/1"}],"replies":[{"embeddable":true,"href":"https:\/\/gandaradental.com\/es\/wp-json\/wp\/v2\/comments?post=67643"}],"version-history":[{"count":11,"href":"https:\/\/gandaradental.com\/es\/wp-json\/wp\/v2\/pages\/67643\/revisions"}],"predecessor-version":[{"id":78626,"href":"https:\/\/gandaradental.com\/es\/wp-json\/wp\/v2\/pages\/67643\/revisions\/78626"}],"wp:featuredmedia":[{"embeddable":true,"href":"https:\/\/gandaradental.com\/es\/wp-json\/wp\/v2\/media\/67685"}],"wp:attachment":[{"href":"https:\/\/gandaradental.com\/es\/wp-json\/wp\/v2\/media?parent=67643"}],"curies":[{"name":"wp","href":"https:\/\/api.w.org\/{rel}","templated":true}]}}