{"id":67568,"date":"2026-03-06T11:58:30","date_gmt":"2026-03-06T15:58:30","guid":{"rendered":"https:\/\/gandaradental.com\/home-2\/"},"modified":"2026-04-14T14:14:30","modified_gmt":"2026-04-14T19:14:30","slug":"home","status":"publish","type":"page","link":"https:\/\/gandaradental.com\/es\/","title":{"rendered":"Hogar"},"content":{"rendered":"<h2>\n\t\t\tComplete Dental for Every Stage of Life\n\t\t<\/h2>\n\t\t\t\t<img decoding=\"async\" src=\"https:\/\/gandaradental.com\/wp-content\/smush-webp\/2026\/04\/Copilot_20260403_025020.png.webp\" alt=\"Copilot_20260403_025020\" title=\"Copilot_20260403_025020\" itemprop=\"image\" class=\"no-lazyload\" \/>\n\t\t<h3>Insignia de garant\u00eda de calidad con estrellas<\/h3>\t\t\t\n\t\t\t\t<img decoding=\"async\" src=\"https:\/\/gandaradental.com\/wp-content\/smush-webp\/2026\/04\/Copilot_20260403_025333.png.webp\" alt=\"Copilot_20260403_025333\" title=\"Copilot_20260403_025333\" itemprop=\"image\" class=\"no-lazyload\" \/>\n\t\t<h3>M\u00e1s de 25 a\u00f1os de experiencia dental.<\/h3>\t\t\t\n\t\t\t\t<img decoding=\"async\" src=\"https:\/\/gandaradental.com\/wp-content\/smush-webp\/2026\/04\/Copilot_20260403_030417.png.webp\" alt=\"Copilot_20260403_030417\" title=\"Copilot_20260403_030417\" itemprop=\"image\" class=\"no-lazyload\" \/>\n\t\t<h3>Servicios dentales en un solo lugar<\/h3>\t\t\t\n\t\t\t\t<img decoding=\"async\" src=\"https:\/\/gandaradental.com\/wp-content\/smush-webp\/2026\/04\/Copilot_20260403_030017.png.webp\" alt=\"Copilot_20260403_030017\" title=\"Copilot_20260403_030017\" itemprop=\"image\" class=\"no-lazyload\" \/>\n\t\t<h3>Atenci\u00f3n experta<\/h3>\t\t\t\n\t\t\t<a href=\"\/es\/contact\/\"  target=\"_self\">\n\t\t\t\t\t\t\tReserva una cita\n\t\t\t\t\t<\/a>\n\t\t<h2>\n\t\t\tSobre nosotros\n\t\t<\/h2>\n\t\t\tAt Gandara Dental, we are committed to providing high-quality dental care in a comfortable and welcoming environment.Doctor G\u00e1ndara and our team focus on personalized treatment, modern technology, and gentle care to help every patient achieve a healthy, confident smile. We offer comprehensive dental services, including preventive, restorative, and cosmetic dentistry, for patients of all ages.\t\t\n\t<a href=\"\/es\/about\/\" target=\"_self\" role=\"button\" aria-label=\"Conozca m\u00e1s sobre nosotros\">\n\t\t\t\t\t\tConozca m\u00e1s sobre nosotros\n\t\t\t\t\t<\/a>\n<figure itemscope itemtype=\"https:\/\/schema.org\/ImageObject\">\n\t\t\t\t<img decoding=\"async\" src=\"https:\/\/gandaradental.com\/wp-content\/smush-webp\/2026\/04\/6-1-scaled.jpg.webp\" alt=\"6 (1)\" height=\"2160\" width=\"1440\" title=\"6 (1)\" onerror=\"this.style.display='none'\" loading=\"lazy\" class=\"no-lazyload\" \/>\n\t<\/figure>\n\t\t<h2>\n\t\t\tComprehensive dental services to\n\t\t\t\t\t\t\t\t\t\t\tmeet all your needs.\n\t\t<\/h2>\n\t\t\t<img decoding=\"async\" src=\"https:\/\/gandaradental.com\/wp-content\/smush-webp\/2026\/04\/GettyImages-2256676829-1.jpg.webp\" alt=\"Dentist examining patient&#039;s teeth with tools.\" class=\"no-lazyload\" \/>\n\t\t\t\t\t\t\t\t\t\t<h3>Atenci\u00f3n preventiva<\/h3>\n\t\t\t\t\t\t<p>Limpiezas, ex\u00e1menes<\/p>\n\t\t\t<img decoding=\"async\" src=\"https:\/\/gandaradental.com\/wp-content\/smush-webp\/2026\/04\/GettyImages-643268592-1.jpg.webp\" alt=\"Patient receiving dental treatment with curing light.\" class=\"no-lazyload\" \/>\n\t\t\t\t\t\t\t\t\t\t<h3>Restaurativo<\/h3>\n\t\t\t\t\t\t<p>Empastes, Coronas<\/p>\n\t\t\t<img decoding=\"async\" src=\"https:\/\/gandaradental.com\/wp-content\/smush-webp\/2026\/04\/GettyImages-1729188917-1.jpg.webp\" alt=\"Dentist matching teeth with shade guide.\" class=\"no-lazyload\" \/>\n\t\t\t\t\t\t\t\t\t\t<h3>Cosm\u00e9tico<\/h3>\n\t\t\t\t\t\t<p>Blanqueamiento dental, carillas<\/p>\n\t\t\t<img decoding=\"async\" src=\"https:\/\/gandaradental.com\/wp-content\/smush-webp\/2026\/04\/GettyImages-1421086613-1.jpg.webp\" alt=\"Dentist examining a smiling child&#039;s teeth.\" class=\"no-lazyload\" \/>\n\t\t\t\t\t\t\t\t\t\t<h3>Pedi\u00e1trico<\/h3>\n\t\t\t\t\t\t<p>Kids&#8217; Dentistry<\/p>\n\t\t\t\t<!-- \/.pp-testimonials -->\n\t\t\t<a href=\"\/es\/contact\/\"  target=\"_self\">\n\t\t\t\t\t\t\tReserva una cita\n\t\t\t\t\t<\/a>\n<h2>\n\t\t\tTestimonios\t<\/h2>\n\t\t\t\t\t\t\t\t\t\t<h3>Jose F. (Civic Center, Miami, FL)<\/h3>\n\t\t\t\t\t\t<section dir=\"auto\" data-turn-id=\"request-WEB:daaafd5b-0d01-49c1-9402-5dc9b40df323-24\" data-testid=\"conversation-turn-2\" data-scroll-anchor=\"true\" data-turn=\"assistant\">&#8220;Had an amazing experience for the past 4 years. Dr. Gandara has been the best dentist I&#8217;ve had in years. She is caring and very professional. Her staff is super nice and will try their best to work around my schedule. It is so comfortable to lean back in the chair, I tend to fall asleep mid procedures. I love coming back for my periodic cleaning.&#8221;\u00a0\u00a0<\/section>\u00a0\n\t\t\t\t\t\t\t\t\t\t<h3>Daniel O. (Miami Gardens, FL)<\/h3>\n\t\t\t\t\t\t<section dir=\"auto\" data-turn-id=\"request-WEB:daaafd5b-0d01-49c1-9402-5dc9b40df323-26\" data-testid=\"conversation-turn-6\" data-scroll-anchor=\"true\" data-turn=\"assistant\">&#8220;I had an excellent experience at this dental office! From the moment I walked in, the staff was friendly, welcoming, and very professional. The office was clean, modern, and well organized, which immediately made me feel comfortable.I really appreciated how gentle and patient they were throughout the entire appointment. It&#8217;s clear they truly care about their patients and their comfort.&#8221;\u00a0\u00a0<\/section>\u00a0\n\t\t\t\t\t\t\t\t\t\t<h3>Rachel G. (Sunrise, FL)<\/h3>\n\t\t\t\t\t\t<p>&#8220;This is the best dental clinic you can go to! The front desk is very welcoming and kind. The hygienist always leaves me feeling refreshed and taken care of after a dental cleaning. And Dr. Gandara is the very best! She has taken care of my fillings and she always makes sure I&#8217;m comfortable and well-informed before the procedure. I would recommend this clinic to anyone!&#8221;<\/p>\n\t\t\t\t\t\t\t\t\t\t<h3>Yoandri E. (Miramar, FL)<\/h3>\n\t\t\t\t\t\t<p>&#8220;Muy Agradecido con el trabajo, personas muy competentes, satisfecho con todos los procedimientos que me han realizado, recomendado 100 %, local limpio, buena atenci\u00f3n y doctora muy atenta con sus pacientes.&#8221;<\/p>\n\t\t\t\t\t\t\t\t\t\t<h3>J. Barrera  (Tjb S., South Miami, FL)<\/h3>\n\t\t\t\t\t\t<p>&#8220;Somos pacientes de la Dra Gandara y estamos muy satisfechos y agradecidos con sus servicios profesionales, al igual que el resto de su staff siempre complaciente y atentos a nuestras necesidades.Recomendamos altamente a la Dra y a su staff.\u00a0 Muchas gracias por su paciencia y servicios.&#8221;<\/p>\n\t\t\t\t\t\t\t\t\t\t<h3>Rom\u00e1n A.  (FL, FL) <\/h3>\n\t\t\t\t\t\t<p>&#8220;Hoy quiero compartir mi experiencia en G\u00e1ndara Dental porque realmente fue espectacular. Desde el momento en que entr\u00e9 a la cl\u00ednica me sent\u00ed muy bien atendido&#8230;El ambiente es limpio, moderno y muy c\u00f3modo&#8230;La doctora Gandara, superprofesional, muy amable y delicada&#8230;Sin duda recomiendo G\u00e1ndara Dental a cualquiera que est\u00e9 buscando profesionales responsables, honestos y con un trato excepcional. \u00a1Gracias por una experiencia tan espectacular!&#8221;<\/p>\n\t\t\t\t<!-- \/.pp-testimonials -->\n<h2>\n\t\t\t\u00bfListo para mejorar tu sonrisa? \t<\/h2>\n\t\t\t<a href=\"\/es\/contact\/\"  target=\"_self\">\n\t\t\t\t\t\t\tReserva una cita\n\t\t\t\t\t<\/a>","protected":false},"excerpt":{"rendered":"<p>Complete Dental for Every Stage of Life Quality assurance badge with stars Over 25 Years of Dental Experience Comprehensive Dental in One Location Expert Care Book an Appointment About Us At Gandara Dental, we are committed to providing high-quality dental care in a comfortable and welcoming environment.Doctor G\u00e1ndara and our team focus on personalized treatment,&hellip;<\/p>","protected":false},"author":1,"featured_media":67680,"parent":0,"menu_order":0,"comment_status":"closed","ping_status":"closed","template":"","meta":{"footnotes":""},"class_list":["post-67568","page","type-page","status-publish","has-post-thumbnail","hentry"],"yoast_head":"<!-- This site is optimized with the Yoast SEO plugin v27.4 - https:\/\/yoast.com\/product\/yoast-seo-wordpress\/ -->\n<title>Experienced Dentists | Gandara Dental<\/title>\n<meta name=\"description\" content=\"Our experienced dentists at Gandara Dental provide 25 years of trusted family care and comprehensive services. Book today.\" \/>\n<meta name=\"robots\" content=\"index, follow, max-snippet:-1, max-image-preview:large, max-video-preview:-1\" \/>\n<link rel=\"canonical\" href=\"https:\/\/gandaradental.com\/es\/wp-json\/wp\/v2\/pages\/67568\" \/>\n<meta property=\"og:locale\" content=\"es_ES\" \/>\n<meta property=\"og:type\" content=\"article\" \/>\n<meta property=\"og:title\" content=\"Experienced Dentists | Gandara Dental\" \/>\n<meta property=\"og:description\" content=\"Our experienced dentists at Gandara Dental provide 25 years of trusted family care and comprehensive services. Book today.\" \/>\n<meta property=\"og:url\" content=\"https:\/\/gandaradental.com\/es\/\" \/>\n<meta property=\"og:site_name\" content=\"Gandara Dental\" \/>\n<meta property=\"article:modified_time\" content=\"2026-04-14T19:14:30+00:00\" \/>\n<meta property=\"og:image\" content=\"https:\/\/gandaradental.com\/wp-content\/uploads\/2026\/03\/benefit-12-v3_benefit-12-v3_feature_image3.webp\" \/>\n<meta name=\"twitter:card\" content=\"summary_large_image\" \/>\n<meta name=\"twitter:title\" content=\"Experienced Dentists | Gandara Dental\" \/>\n<meta name=\"twitter:description\" content=\"Our experienced dentists at Gandara Dental provide 25 years of trusted family care and comprehensive services. Book today.\" \/>\n<meta name=\"twitter:image\" content=\"https:\/\/gandaradental.com\/wp-content\/uploads\/2026\/03\/benefit-12-v3_benefit-12-v3_feature_image3.webp\" \/>\n<meta name=\"twitter:label1\" content=\"Tiempo de lectura\" \/>\n\t<meta name=\"twitter:data1\" content=\"3 minutos\" \/>\n<script type=\"application\/ld+json\" class=\"yoast-schema-graph\">{\"@context\":\"https:\\\/\\\/schema.org\",\"@graph\":[{\"@type\":\"WebPage\",\"@id\":\"https:\\\/\\\/gandaradental.com\\\/\",\"url\":\"https:\\\/\\\/gandaradental.com\\\/\",\"name\":\"Experienced Dentists | Gandara Dental\",\"isPartOf\":{\"@id\":\"https:\\\/\\\/gandaradental.com\\\/#website\"},\"primaryImageOfPage\":{\"@id\":\"https:\\\/\\\/gandaradental.com\\\/#primaryimage\"},\"image\":{\"@id\":\"https:\\\/\\\/gandaradental.com\\\/#primaryimage\"},\"thumbnailUrl\":\"https:\\\/\\\/gandaradental.com\\\/wp-content\\\/uploads\\\/2026\\\/03\\\/benefit-12-v3_benefit-12-v3_feature_image3.webp\",\"datePublished\":\"2026-03-06T15:58:30+00:00\",\"dateModified\":\"2026-04-14T19:14:30+00:00\",\"description\":\"Our experienced dentists at Gandara Dental provide 25 years of trusted family care and comprehensive services. Book today.\",\"breadcrumb\":{\"@id\":\"https:\\\/\\\/gandaradental.com\\\/#breadcrumb\"},\"inLanguage\":\"es\",\"potentialAction\":[{\"@type\":\"ReadAction\",\"target\":[\"https:\\\/\\\/gandaradental.com\\\/\"]}]},{\"@type\":\"ImageObject\",\"inLanguage\":\"es\",\"@id\":\"https:\\\/\\\/gandaradental.com\\\/#primaryimage\",\"url\":\"https:\\\/\\\/gandaradental.com\\\/wp-content\\\/uploads\\\/2026\\\/03\\\/benefit-12-v3_benefit-12-v3_feature_image3.webp\",\"contentUrl\":\"https:\\\/\\\/gandaradental.com\\\/wp-content\\\/uploads\\\/2026\\\/03\\\/benefit-12-v3_benefit-12-v3_feature_image3.webp\",\"width\":800,\"height\":570,\"caption\":\"Dentist adjusting light for patient\"},{\"@type\":\"BreadcrumbList\",\"@id\":\"https:\\\/\\\/gandaradental.com\\\/#breadcrumb\",\"itemListElement\":[{\"@type\":\"ListItem\",\"position\":1,\"name\":\"Home\",\"item\":\"https:\\\/\\\/gandaradental.com\\\/\"},{\"@type\":\"ListItem\",\"position\":2,\"name\":\"Home\"}]},{\"@type\":\"WebSite\",\"@id\":\"https:\\\/\\\/gandaradental.com\\\/#website\",\"url\":\"https:\\\/\\\/gandaradental.com\\\/\",\"name\":\"Gandara Dental\",\"description\":\"\",\"potentialAction\":[{\"@type\":\"SearchAction\",\"target\":{\"@type\":\"EntryPoint\",\"urlTemplate\":\"https:\\\/\\\/gandaradental.com\\\/?s={search_term_string}\"},\"query-input\":{\"@type\":\"PropertyValueSpecification\",\"valueRequired\":true,\"valueName\":\"search_term_string\"}}],\"inLanguage\":\"es\"}]}<\/script>\n<!-- \/ Yoast SEO plugin. -->","yoast_head_json":{"title":"Experienced Dentists | Gandara Dental","description":"Our experienced dentists at Gandara Dental provide 25 years of trusted family care and comprehensive services. Book today.","robots":{"index":"index","follow":"follow","max-snippet":"max-snippet:-1","max-image-preview":"max-image-preview:large","max-video-preview":"max-video-preview:-1"},"canonical":"https:\/\/gandaradental.com\/es\/wp-json\/wp\/v2\/pages\/67568","og_locale":"es_ES","og_type":"article","og_title":"Experienced Dentists | Gandara Dental","og_description":"Our experienced dentists at Gandara Dental provide 25 years of trusted family care and comprehensive services. Book today.","og_url":"https:\/\/gandaradental.com\/es\/","og_site_name":"Gandara Dental","article_modified_time":"2026-04-14T19:14:30+00:00","og_image":[{"url":"https:\/\/gandaradental.com\/wp-content\/uploads\/2026\/03\/benefit-12-v3_benefit-12-v3_feature_image3.webp","type":"","width":"","height":""}],"twitter_card":"summary_large_image","twitter_title":"Experienced Dentists | Gandara Dental","twitter_description":"Our experienced dentists at Gandara Dental provide 25 years of trusted family care and comprehensive services. Book today.","twitter_image":"https:\/\/gandaradental.com\/wp-content\/uploads\/2026\/03\/benefit-12-v3_benefit-12-v3_feature_image3.webp","twitter_misc":{"Tiempo de lectura":"3 minutos"},"schema":{"@context":"https:\/\/schema.org","@graph":[{"@type":"WebPage","@id":"https:\/\/gandaradental.com\/","url":"https:\/\/gandaradental.com\/","name":"Experienced Dentists | Gandara Dental","isPartOf":{"@id":"https:\/\/gandaradental.com\/#website"},"primaryImageOfPage":{"@id":"https:\/\/gandaradental.com\/#primaryimage"},"image":{"@id":"https:\/\/gandaradental.com\/#primaryimage"},"thumbnailUrl":"https:\/\/gandaradental.com\/wp-content\/uploads\/2026\/03\/benefit-12-v3_benefit-12-v3_feature_image3.webp","datePublished":"2026-03-06T15:58:30+00:00","dateModified":"2026-04-14T19:14:30+00:00","description":"Our experienced dentists at Gandara Dental provide 25 years of trusted family care and comprehensive services. Book today.","breadcrumb":{"@id":"https:\/\/gandaradental.com\/#breadcrumb"},"inLanguage":"es","potentialAction":[{"@type":"ReadAction","target":["https:\/\/gandaradental.com\/"]}]},{"@type":"ImageObject","inLanguage":"es","@id":"https:\/\/gandaradental.com\/#primaryimage","url":"https:\/\/gandaradental.com\/wp-content\/uploads\/2026\/03\/benefit-12-v3_benefit-12-v3_feature_image3.webp","contentUrl":"https:\/\/gandaradental.com\/wp-content\/uploads\/2026\/03\/benefit-12-v3_benefit-12-v3_feature_image3.webp","width":800,"height":570,"caption":"Dentist adjusting light for patient"},{"@type":"BreadcrumbList","@id":"https:\/\/gandaradental.com\/#breadcrumb","itemListElement":[{"@type":"ListItem","position":1,"name":"Home","item":"https:\/\/gandaradental.com\/"},{"@type":"ListItem","position":2,"name":"Home"}]},{"@type":"WebSite","@id":"https:\/\/gandaradental.com\/#website","url":"https:\/\/gandaradental.com\/","name":"Gandara Dental","description":"","potentialAction":[{"@type":"SearchAction","target":{"@type":"EntryPoint","urlTemplate":"https:\/\/gandaradental.com\/?s={search_term_string}"},"query-input":{"@type":"PropertyValueSpecification","valueRequired":true,"valueName":"search_term_string"}}],"inLanguage":"es"}]}},"_links":{"self":[{"href":"https:\/\/gandaradental.com\/es\/wp-json\/wp\/v2\/pages\/67568","targetHints":{"allow":["GET"]}}],"collection":[{"href":"https:\/\/gandaradental.com\/es\/wp-json\/wp\/v2\/pages"}],"about":[{"href":"https:\/\/gandaradental.com\/es\/wp-json\/wp\/v2\/types\/page"}],"author":[{"embeddable":true,"href":"https:\/\/gandaradental.com\/es\/wp-json\/wp\/v2\/users\/1"}],"replies":[{"embeddable":true,"href":"https:\/\/gandaradental.com\/es\/wp-json\/wp\/v2\/comments?post=67568"}],"version-history":[{"count":11,"href":"https:\/\/gandaradental.com\/es\/wp-json\/wp\/v2\/pages\/67568\/revisions"}],"predecessor-version":[{"id":78683,"href":"https:\/\/gandaradental.com\/es\/wp-json\/wp\/v2\/pages\/67568\/revisions\/78683"}],"wp:featuredmedia":[{"embeddable":true,"href":"https:\/\/gandaradental.com\/es\/wp-json\/wp\/v2\/media\/67680"}],"wp:attachment":[{"href":"https:\/\/gandaradental.com\/es\/wp-json\/wp\/v2\/media?parent=67568"}],"curies":[{"name":"wp","href":"https:\/\/api.w.org\/{rel}","templated":true}]}}